{"id":4100,"date":"2021-06-24T13:21:48","date_gmt":"2021-06-24T13:21:48","guid":{"rendered":"https:\/\/www.academiemontessori.fr\/?post_type=product&#038;p=4100"},"modified":"2025-07-29T10:34:48","modified_gmt":"2025-07-29T10:34:48","slug":"formation-a-la-methode-oml-9-cahiers-expedies-chez-vous-offre-exceptionnelle-en-juillet-2021-uniquement","status":"publish","type":"product","link":"https:\/\/www.academiemontessori.fr\/?product=formation-a-la-methode-oml-9-cahiers-expedies-chez-vous-offre-exceptionnelle-en-juillet-2021-uniquement","title":{"rendered":"Formation \u00e0 la m\u00e9thode OML + 9 cahiers exp\u00e9di\u00e9s chez vous"},"content":{"rendered":"<h2><span style=\"color: #ff0000;\">Pour toute inscription \u00e0 la formation OML, nous OFFRONS les cahiers Montessori OML de la s\u00e9rie !<br \/>\n<\/span><\/h2>\n<h2>Neuf cahiers* en couleur vous seront envoy\u00e9s par courrier postal chez vous.<\/h2>\n<p><a href=\"https:\/\/www.academiemontessori.fr\/wp-content\/uploads\/2018\/03\/tas-de-cahiers-scaled.jpg\"><img loading=\"lazy\" decoding=\"async\" data-attachment-id=\"1907\" data-permalink=\"https:\/\/www.academiemontessori.fr\/?attachment_id=1907\" data-orig-file=\"https:\/\/www.academiemontessori.fr\/wp-content\/uploads\/2018\/03\/tas-de-cahiers-scaled.jpg\" data-orig-size=\"2560,1714\" data-comments-opened=\"0\" data-image-meta=\"{&quot;aperture&quot;:&quot;4.8&quot;,&quot;credit&quot;:&quot;&quot;,&quot;camera&quot;:&quot;NIKON 1 J1&quot;,&quot;caption&quot;:&quot;&quot;,&quot;created_timestamp&quot;:&quot;1472167425&quot;,&quot;copyright&quot;:&quot;&quot;,&quot;focal_length&quot;:&quot;18.9&quot;,&quot;iso&quot;:&quot;3200&quot;,&quot;shutter_speed&quot;:&quot;0.033333333333333&quot;,&quot;title&quot;:&quot;&quot;,&quot;orientation&quot;:&quot;1&quot;}\" data-image-title=\"tas de cahiers\" data-image-description=\"\" data-image-caption=\"\" data-medium-file=\"https:\/\/www.academiemontessori.fr\/wp-content\/uploads\/2018\/03\/tas-de-cahiers-300x201.jpg\" data-large-file=\"https:\/\/www.academiemontessori.fr\/wp-content\/uploads\/2018\/03\/tas-de-cahiers-1024x685.jpg\" class=\"aligncenter size-medium wp-image-1907\" src=\"https:\/\/www.academiemontessori.fr\/wp-content\/uploads\/2018\/03\/tas-de-cahiers-300x201.jpg\" alt=\"\" width=\"300\" height=\"201\" srcset=\"https:\/\/www.academiemontessori.fr\/wp-content\/uploads\/2018\/03\/tas-de-cahiers-300x201.jpg 300w, https:\/\/www.academiemontessori.fr\/wp-content\/uploads\/2018\/03\/tas-de-cahiers-600x402.jpg 600w, https:\/\/www.academiemontessori.fr\/wp-content\/uploads\/2018\/03\/tas-de-cahiers-768x514.jpg 768w, https:\/\/www.academiemontessori.fr\/wp-content\/uploads\/2018\/03\/tas-de-cahiers-1024x685.jpg 1024w, https:\/\/www.academiemontessori.fr\/wp-content\/uploads\/2018\/03\/tas-de-cahiers-75x50.jpg 75w\" sizes=\"auto, (max-width: 300px) 100vw, 300px\" \/><\/a><\/p>\n<h2>Parmi ces cadeaux vous aurez des dizaines d&rsquo;images indispensables \u00e0 l&rsquo;apprentissage de la lecture et l&rsquo;\u00e9criture (bien mieux que les dict\u00e9es muettes !).<\/h2>\n<h2><a href=\"https:\/\/www.academiemontessori.fr\/wp-content\/uploads\/2021\/06\/cadeau.png\"><img loading=\"lazy\" decoding=\"async\" data-attachment-id=\"4101\" data-permalink=\"https:\/\/www.academiemontessori.fr\/?attachment_id=4101\" data-orig-file=\"https:\/\/www.academiemontessori.fr\/wp-content\/uploads\/2021\/06\/cadeau.png\" data-orig-size=\"500,500\" data-comments-opened=\"0\" data-image-meta=\"{&quot;aperture&quot;:&quot;0&quot;,&quot;credit&quot;:&quot;&quot;,&quot;camera&quot;:&quot;&quot;,&quot;caption&quot;:&quot;&quot;,&quot;created_timestamp&quot;:&quot;0&quot;,&quot;copyright&quot;:&quot;&quot;,&quot;focal_length&quot;:&quot;0&quot;,&quot;iso&quot;:&quot;0&quot;,&quot;shutter_speed&quot;:&quot;0&quot;,&quot;title&quot;:&quot;&quot;,&quot;orientation&quot;:&quot;0&quot;}\" data-image-title=\"cadeau\" data-image-description=\"\" data-image-caption=\"\" data-medium-file=\"https:\/\/www.academiemontessori.fr\/wp-content\/uploads\/2021\/06\/cadeau-300x300.png\" data-large-file=\"https:\/\/www.academiemontessori.fr\/wp-content\/uploads\/2021\/06\/cadeau.png\" class=\"aligncenter size-medium wp-image-4101\" src=\"https:\/\/www.academiemontessori.fr\/wp-content\/uploads\/2021\/06\/cadeau-300x300.png\" alt=\"\" width=\"300\" height=\"300\" srcset=\"https:\/\/www.academiemontessori.fr\/wp-content\/uploads\/2021\/06\/cadeau-300x300.png 300w, https:\/\/www.academiemontessori.fr\/wp-content\/uploads\/2021\/06\/cadeau-150x150.png 150w, https:\/\/www.academiemontessori.fr\/wp-content\/uploads\/2021\/06\/cadeau-100x100.png 100w, https:\/\/www.academiemontessori.fr\/wp-content\/uploads\/2021\/06\/cadeau.png 500w\" sizes=\"auto, (max-width: 300px) 100vw, 300px\" \/><\/a>Pour cela il faut payer la somme de <span style=\"color: #ff0000;\">499\u20ac<\/span>, par virement bancaire<\/h2>\n<p>La m\u00e9tohde OML permet \u00e0 un large public d&rsquo;apprendre \u00e0 lire et \u00e9crire gr\u00e2ce \u00e0 des outils multisensoriels.\u00a0 <a href=\"https:\/\/www.youtube.com\/channel\/UCJS6IS8ssCkmumP5Oxjs2Tg\/videos\">(cha\u00eene youtube ici)<\/a><\/p>\n<p>Plan de la Formation OML, accessible uniquement en ligne<\/p>\n<p><b>Module OML 1<\/b><\/p>\n<p><b><\/b>La m\u00e9thode OML : bases et origine<br \/>\nOrigine de la m\u00e9thode<br \/>\nLes outils de la m\u00e9thode<b><br \/>\n<\/b>Les phon\u00e8mes\/graph\u00e8mes<br \/>\nLe mat\u00e9riel OML<br \/>\nIntroduction d\u2019un nouveau graph\u00e8me<\/p>\n<p><b>Module OML 2<\/b><\/p>\n<p>Des le\u00e7ons de Phon\u00e8mes\/graph\u00e8mes<br \/>\nVid\u00e9os de le\u00e7ons<\/p>\n<p><b>Module OML 3<\/b><\/p>\n<p>R\u00e9vision des phon\u00e8mes<br \/>\nTest en coll\u00e8ge US<\/p>\n<p><b>Conclusion<\/b><\/p>\n<hr \/>\n<ul>\n<li>Liste des 9 cahiers (disponibles \u00e9galement <a href=\"http:\/\/www.methode-oml.com\/?page_id=24&amp;lang=fr\">ici<\/a>) :<br \/>\nCahier 1<br \/>\nCahier 2a droitiers<br \/>\nCahier 2b droitiers<br \/>\nCahier 2c droitiers<br \/>\nCahier 2 corrections<br \/>\nCahier 3a<br \/>\nCahier 3b<br \/>\nCahier 3c<br \/>\nCahier 3 corrections<\/li>\n<\/ul>\n<div data-test='contact-form'\n\t\t\tid='contact-form-4100'\n\t\t\tclass='jetpack-contact-form-container '\n\t\t\tdata-wp-interactive='jetpack\/form' data-wp-context='{\"formId\":\"4100\",\"formHash\":\"c8f3c0523c8f02f31c53f9767822824f8b9d7c2b\",\"showErrors\":false,\"errors\":[],\"fields\":[],\"isMultiStep\":false,\"useAjax\":true,\"submissionData\":null,\"formattedSubmissionData\":[],\"submissionSuccess\":false,\"submissionError\":null,\"elementId\":\"jp-form-c8f3c0523c8f02f31c53f9767822824f8b9d7c2b\",\"isSingleInputForm\":false,\"isForcedHorizontal\":false}'\n\t\t\tdata-wp-watch--scroll-to-wrapper=\"callbacks.scrollToWrapper\"\n\t\t>\n<div class=\"contact-form-submission contact-form-ajax-submission\" data-wp-bind--aria-hidden=\"state.isSuccessMessageAriaHidden\" data-wp-class--submission-success=\"context.submissionSuccess\" id=\"contact-form-success-c8f3c0523c8f02f31c53f9767822824f8b9d7c2b\" tabindex=\"-1\" aria-labelledby=\"contact-form-success-header-c8f3c0523c8f02f31c53f9767822824f8b9d7c2b\"><p class=\"go-back-message\"><a class=\"link\" role=\"button\" tabindex=\"0\" data-wp-on--click=\"actions.goBack\" href=\"\/index.php?rest_route=%2Fwp%2Fv2%2Fproduct%2F4100\">\u2190 Retour<\/a><\/p><h4 data-wp-bind--aria-hidden=\"state.isSuccessMessageAriaHidden\" id=\"contact-form-success-header-c8f3c0523c8f02f31c53f9767822824f8b9d7c2b\">Merci pour votre r\u00e9ponse. \u2728<\/h4>\n\n<template data-wp-each--submission=\"context.formattedSubmissionData\">\n\t\t\t\t\t<div class=\"jetpack_forms_contact-form-success-summary\">\n\t\t\t\t\t\t<div class=\"field-name-wrapper\">\n\t\t\t\t\t\t\t<div class=\"field-type-icon\" data-wp-watch=\"callbacks.watchFieldTypeIcon\"><\/div>\n\t\t\t\t\t\t\t<div class=\"field-name\" data-wp-text=\"context.submission.label\" data-wp-bind--hidden=\"!context.submission.label\"><\/div>\n\t\t\t\t\t\t<\/div>\n\t\t\t\t\t\t<div class=\"field-value\" data-wp-text=\"context.submission.value\" data-wp-bind--hidden=\"!context.submission.showPlainValue\"><\/div>\n\t\t\t\t\t\t<a class=\"field-url\" data-wp-bind--href=\"context.submission.url\" data-wp-text=\"context.submission.value\" data-wp-bind--hidden=\"!context.submission.url\" target=\"_blank\" rel=\"noopener noreferrer\"><\/a>\n\t\t\t\t\t\t<div class=\"field-rating\" data-wp-bind--hidden=\"!context.submission.rating\" data-wp-watch=\"callbacks.watchRatingIcons\"><\/div>\n\t\t\t\t\t\t<div class=\"field-images\" data-wp-bind--hidden=\"!context.submission.images\">\n\t\t\t\t\t\t\t<template data-wp-each--image=\"context.submission.images\">\n\t\t\t\t\t\t\t\t<div class=\"field-image-option\" data-wp-class--is-empty=\"!context.image.src\">\n\t\t\t\t\t\t\t\t\t<figure class=\"field-image-option__image\" data-wp-class--is-empty=\"!context.image.src\">\n\t\t\t\t\t\t\t\t\t\t<img data-wp-bind--src=\"context.image.src\" data-wp-bind--hidden=\"!context.image.src\" \/>\n\t\t\t\t\t\t\t\t\t\t<img decoding=\"async\" src=\"data:image\/gif;base64,R0lGODlhAQABAAD\/ACwAAAAAAQABAAACADs=\" data-wp-bind--hidden=\"context.image.src\" \/>\n\t\t\t\t\t\t\t\t\t<\/figure>\n\t\t\t\t\t\t\t\t\t<div class=\"field-image-option__label-wrapper\">\n\t\t\t\t\t\t\t\t\t\t<span class=\"field-image-option__label-code\" data-wp-text=\"context.image.letterCode\"><\/span>\n\t\t\t\t\t\t\t\t\t\t<span class=\"field-image-option__label\" data-wp-text=\"context.image.label\" data-wp-bind--hidden=\"!context.image.label\"><\/span>\n\t\t\t\t\t\t\t\t\t<\/div>\n\t\t\t\t\t\t\t\t<\/div>\n\t\t\t\t\t\t\t<\/template>\n\t\t\t\t\t\t<\/div>\n\t\t\t\t\t\t<div class=\"field-files\" data-wp-bind--hidden=\"!context.submission.files\">\n\t\t\t\t\t\t\t<template data-wp-each--file=\"context.submission.files\">\n\t\t\t\t\t\t\t\t<div class=\"field-file\">\n\t\t\t\t\t\t\t\t\t<div class=\"field-file__thumbnail\" data-wp-style--background-image=\"context.file.previewUrl\" data-wp-style--mask-image=\"context.file.iconUrl\" data-wp-bind--hidden=\"!context.file.hasPreview\"><\/div>\n\t\t\t\t\t\t\t\t\t<svg class=\"field-file__icon\" data-wp-bind--hidden=\"context.file.hasPreview\" width=\"20\" height=\"20\" viewBox=\"0 0 24 24\" fill=\"none\" xmlns=\"http:\/\/www.w3.org\/2000\/svg\" aria-hidden=\"true\">\n\t\t\t\t\t\t\t\t\t\t<path d=\"M14 2H6C4.9 2 4 2.9 4 4V20C4 21.1 4.89 22 5.99 22H18C19.1 22 20 21.1 20 20V8L14 2ZM18 20H6V4H13V9H18V20Z\" fill=\"currentColor\"\/>\n\t\t\t\t\t\t\t\t\t<\/svg>\n\t\t\t\t\t\t\t\t\t<span class=\"field-file__name\" data-wp-text=\"context.file.name\"><\/span>\n\t\t\t\t\t\t\t\t\t<span class=\"field-file__size\" data-wp-text=\"context.file.size\"><\/span>\n\t\t\t\t\t\t\t\t<\/div>\n\t\t\t\t\t\t\t<\/template>\n\t\t\t\t\t\t<\/div>\n\t\t\t\t\t<\/div>\n\t\t\t\t<\/template><\/div><form action='https:\/\/www.academiemontessori.fr\/?product=formation-a-la-methode-oml-9-cahiers-expedies-chez-vous-offre-exceptionnelle-en-juillet-2021-uniquement'\n\t\t\t\tid='jp-form-c8f3c0523c8f02f31c53f9767822824f8b9d7c2b'\n\t\t\t\tmethod='post'\n\t\t\t\tclass='contact-form commentsblock jetpack-contact-form__form has-no-jetpack-form-layout' aria-label=\"Formation \u00e0 la m\u00e9thode OML + 9 cahiers exp\u00e9di\u00e9s chez vous\"\n\t\t\t\tdata-wp-on--submit=\"actions.onFormSubmit\"\n\t\t\t\tdata-wp-on--reset=\"actions.onFormReset\"\n\t\t\t\tdata-wp-class--submission-success=\"context.submissionSuccess\"\n\t\t\t\tdata-wp-class--is-first-step=\"state.isFirstStep\"\n\t\t\t\tdata-wp-class--is-last-step=\"state.isLastStep\"\n\t\t\t\tdata-wp-class--is-ajax-form=\"context.useAjax\"\n\t\t\t\tnovalidate >\n<input type='hidden' name='jetpack_contact_form_jwt' value='eyJ0eXAiOiJKV1QiLCJhbGciOiJIUzI1NiJ9.eyJlbmNyeXB0ZWRfYXR0cmlidXRlcyI6IjJnY3l6bXp4SnlMbEVyRTNhWUJTZlFCd1Qwb1Rra1BXUFMwc2UyNUhsSHdPNG1WZ2MzVVpTVzBFNnhPTFB0S2NjanA2em40UGZxUCtsWjcrRVYwNFNoT01NY05nMmtLKy9LVERLOHlDcXFrUkRtalZqdEFRYVNqbjBQckZTaGJtSEZCNnNSY0QzZmZvY0ZMQjQxWjRZQ3BobjBlcS9HSEt3UHpscjd0OTh4SjdEZG5jdVN2NGFGbjUwS3BnMmlEQTJvNGFDUGhYdmFVaS9qNTRyWFlpb3EvbVl1T0NpOTA2dmdCamtOQnJqdGo1bCt6OGhaK1RhSnN3MnZURlM1UzZ4cjl1TDlGTmhVU1pHaE9iSUNaWHhWTWU3MHhXUUYxVFJaVTA2UVpTWGlVT3N3UTlvYTYxSndQR1pGNTE5ODBjQ2pBMjJFWmpJemdnQUo2STRtakxKbmlYTjVkUHJoRnBQcThJY0FnNGlRSzRwbDE3QjgvSnNNM3pKMjRwUTIvK2c1a1RiZzJ2dXVLU2daOWJpMlBNdkt0ZnZwNllrS29yOTd0UzRCbDhhOGdLb3oreFMrUkV4MFhQVDZyRkxCODQvU2JianpIZ2haY3RSQTBkSzlpK2YvOVRVVEk0Y0FHOEM1c0gxTlQyOUl1QlN2d3oxdkwvVTBydUh1TkFNMEZNWlBjL05zSG1KbDVLV1p0V0I3Q0NvVjJGbkxnck5OeldXWWtUQW9FOE82WmtEdlhzdHFGYkFROSt3RTI5d0Q2MitwWmpzYmJIWG5UendEUG52SnV6UmdBcTNSbUhTMDlONFdrbDdPRXBGT1FmNzdRZWxVRDlXOXZtTkdibXliUzBOV0VRNlZqRk1VMThwS0J2UDhwL3hKMzVTWkFMQVM2RVBUYU1tVFplNzBJVkRaWm01N0RCVXhlR09lUjR3bit3d2pNcENXVVVWT1luQnlSVXA4M3dmRmh2YkQzU3hVY09sVmtFUm1DelNoaU9taGlwZHArcHp2SlFYUGF3MUFKMC9rQmtIR3F6T1FEc2g1VE5kK1h3NC9JeGdETldYTllRUkZ3dDFMZDJXdGdQL2ZWd3dQM3l1U2lVQTIzS3ZUOGFCTEE3VG80TFNBcXljb0lxSzR3UVZIc3lGTHdvM3N3ZkZ2azBvYWJFS2V1WkQxbURuL0NOd0hUYVlkT2hxbjZuckZiQkdrdDArakxGbjJUOHo2MFcvSEZ1bDQrOHllU2Z5RGkvdk1kZjZ6K2k0eGhTbEN6K1gyb0hBQTBFYVF6anlVdithZ2d5ZXRhTjY2TFZib0YvYkh6a1RQU3lqMGwydFkwTDUzdW9YTk16dlY4L2lVMGIvQjdySkllRkEzbFJKTnlUYnlzPSIsImNvbnRlbnQiOiJbY29udGFjdC1maWVsZCBsYWJlbD1cIk5vbVwiIHR5cGU9XCJuYW1lXCIgIHJlcXVpcmVkPVwidHJ1ZVwiIC9dW2NvbnRhY3QtZmllbGQgbGFiZWw9XCJFLW1haWxcIiB0eXBlPVwiZW1haWxcIiByZXF1aXJlZD1cInRydWVcIiAvXVtjb250YWN0LWZpZWxkIGxhYmVsPVwiU2l0ZSB3ZWJcIiB0eXBlPVwidXJsXCIgL11bY29udGFjdC1maWVsZCBsYWJlbD1cIk1lc3NhZ2VcIiB0eXBlPVwidGV4dGFyZWFcIiAvXSIsImhhc2giOiJjOGYzYzA1MjNjOGYwMmYzMWM1M2Y5NzY3ODIyODI0ZjhiOWQ3YzJiIiwic291cmNlIjp7ImVudHJ5X3RpdGxlIjoiRm9ybWF0aW9uIFx1MDBlMCBsYSBtXHUwMGU5dGhvZGUgT01MICsgOSBjYWhpZXJzIGV4cFx1MDBlOWRpXHUwMGU5cyBjaGV6IHZvdXMiLCJlbnRyeV9wYWdlIjoxLCJzb3VyY2VfaWQiOjQxMDAsInNvdXJjZV90eXBlIjoic2luZ2xlIiwicmVxdWVzdF91cmwiOiJodHRwczovL3d3dy5hY2FkZW1pZW1vbnRlc3NvcmkuZnIifSwidmVyc2lvbiI6MiwiY2lwaGVyIjoiYWVzLTI1Ni1nY20ifQ.zJmvQxlUbDNBsLvJxf-FV43xfGED4uR0uGxlXZJrAMw' \/>\n\n<div style=\"\"  data-wp-interactive=\"jetpack\/form\" data-wp-context='{\"fieldId\":\"g4100-nom\",\"fieldType\":\"name\",\"fieldLabel\":\"Nom\",\"fieldValue\":\"\",\"fieldPlaceholder\":\"\",\"fieldIsRequired\":\"1\",\"fieldErrorMessage\":\"\",\"fieldExtra\":[],\"formHash\":\"c8f3c0523c8f02f31c53f9767822824f8b9d7c2b\"}'  class='grunion-field-name-wrap grunion-field-wrap'  data-wp-init='callbacks.initializeField' data-wp-on--jetpack-form-reset='callbacks.initializeField' >\n<label\n\t\t\t\tfor='g4100-nom' class=\"grunion-field-label name\" >Nom<span class=\"grunion-label-required\" aria-hidden=\"true\">(obligatoire)<\/span><\/label>\n<input\n\t\t\t\t\ttype='text'\n\t\t\t\t\tname='g4100-nom'\n\t\t\t\t\tid='g4100-nom'\n\t\t\t\t\tvalue=''\n\n\t\t\t\t\tdata-wp-bind--aria-invalid='state.fieldAriaInvalid'\n\t\t\t\t\tdata-wp-bind--value='state.getFieldValue'\n\t\t\t\t\taria-describedby='g4100-nom-text-error-message'\n\t\t\t\t\tdata-wp-on--input='actions.onFieldChange'\n\t\t\t\t\tdata-wp-on--blur='actions.onFieldBlur'\n\t\t\t\t\tdata-wp-class--has-value='state.hasFieldValue'\n\n\t\t\t\t\tclass='name  grunion-field' \n\t\t\t\t\trequired='true' aria-required='true'  \/>\n \n\t\t\t<div id=\"g4100-nom-text-error\" class=\"contact-form__input-error\" data-wp-class--has-errors=\"state.fieldHasErrors\">\n\t\t\t\t<span class=\"contact-form__warning-icon\" aria-hidden=\"true\">\n\t\t\t\t\t<svg width=\"16\" height=\"16\" viewBox=\"0 0 16 16\" fill=\"none\" xmlns=\"http:\/\/www.w3.org\/2000\/svg\">\n\t\t\t\t\t\t<path d=\"M8.50015 11.6402H7.50015V10.6402H8.50015V11.6402Z\" \/>\n\t\t\t\t\t\t<path d=\"M7.50015 9.64018H8.50015V6.30684H7.50015V9.64018Z\" \/>\n\t\t\t\t\t\t<path fill-rule=\"evenodd\" clip-rule=\"evenodd\" d=\"M6.98331 3.0947C7.42933 2.30177 8.57096 2.30177 9.01698 3.09469L13.8771 11.7349C14.3145 12.5126 13.7525 13.4735 12.8602 13.4735H3.14004C2.24774 13.4735 1.68575 12.5126 2.12321 11.7349L6.98331 3.0947ZM8.14541 3.58496C8.08169 3.47168 7.9186 3.47168 7.85488 3.58496L2.99478 12.2251C2.93229 12.3362 3.01257 12.4735 3.14004 12.4735H12.8602C12.9877 12.4735 13.068 12.3362 13.0055 12.2251L8.14541 3.58496Z\" \/>\n\t\t\t\t\t<\/svg>\n\t\t\t\t<\/span>\n\t\t\t\t<span data-wp-text=\"state.errorMessage\" id=\"g4100-nom-text-error-message\"><\/span>\n\t\t\t<\/div> \n\t<\/div>\n\n<div style=\"\"  data-wp-interactive=\"jetpack\/form\" data-wp-context='{\"fieldId\":\"g4100-email\",\"fieldType\":\"email\",\"fieldLabel\":\"E-mail\",\"fieldValue\":\"\",\"fieldPlaceholder\":\"\",\"fieldIsRequired\":\"1\",\"fieldErrorMessage\":\"\",\"fieldExtra\":[],\"formHash\":\"c8f3c0523c8f02f31c53f9767822824f8b9d7c2b\"}'  class='grunion-field-email-wrap grunion-field-wrap'  data-wp-init='callbacks.initializeField' data-wp-on--jetpack-form-reset='callbacks.initializeField' >\n<label\n\t\t\t\tfor='g4100-email' class=\"grunion-field-label email\" >E-mail<span class=\"grunion-label-required\" aria-hidden=\"true\">(obligatoire)<\/span><\/label>\n<input\n\t\t\t\t\ttype='email'\n\t\t\t\t\tname='g4100-email'\n\t\t\t\t\tid='g4100-email'\n\t\t\t\t\tvalue=''\n\n\t\t\t\t\tdata-wp-bind--aria-invalid='state.fieldAriaInvalid'\n\t\t\t\t\tdata-wp-bind--value='state.getFieldValue'\n\t\t\t\t\taria-describedby='g4100-email-email-error-message'\n\t\t\t\t\tdata-wp-on--input='actions.onFieldChange'\n\t\t\t\t\tdata-wp-on--blur='actions.onFieldBlur'\n\t\t\t\t\tdata-wp-class--has-value='state.hasFieldValue'\n\n\t\t\t\t\tclass='email  grunion-field' \n\t\t\t\t\trequired='true' aria-required='true'  \/>\n \n\t\t\t<div id=\"g4100-email-email-error\" class=\"contact-form__input-error\" data-wp-class--has-errors=\"state.fieldHasErrors\">\n\t\t\t\t<span class=\"contact-form__warning-icon\" aria-hidden=\"true\">\n\t\t\t\t\t<svg width=\"16\" height=\"16\" viewBox=\"0 0 16 16\" fill=\"none\" xmlns=\"http:\/\/www.w3.org\/2000\/svg\">\n\t\t\t\t\t\t<path d=\"M8.50015 11.6402H7.50015V10.6402H8.50015V11.6402Z\" \/>\n\t\t\t\t\t\t<path d=\"M7.50015 9.64018H8.50015V6.30684H7.50015V9.64018Z\" \/>\n\t\t\t\t\t\t<path fill-rule=\"evenodd\" clip-rule=\"evenodd\" d=\"M6.98331 3.0947C7.42933 2.30177 8.57096 2.30177 9.01698 3.09469L13.8771 11.7349C14.3145 12.5126 13.7525 13.4735 12.8602 13.4735H3.14004C2.24774 13.4735 1.68575 12.5126 2.12321 11.7349L6.98331 3.0947ZM8.14541 3.58496C8.08169 3.47168 7.9186 3.47168 7.85488 3.58496L2.99478 12.2251C2.93229 12.3362 3.01257 12.4735 3.14004 12.4735H12.8602C12.9877 12.4735 13.068 12.3362 13.0055 12.2251L8.14541 3.58496Z\" \/>\n\t\t\t\t\t<\/svg>\n\t\t\t\t<\/span>\n\t\t\t\t<span data-wp-text=\"state.errorMessage\" id=\"g4100-email-email-error-message\"><\/span>\n\t\t\t<\/div> \n\t<\/div>\n\n<div style=\"\"  data-wp-interactive=\"jetpack\/form\" data-wp-context='{\"fieldId\":\"g4100-siteweb\",\"fieldType\":\"url\",\"fieldLabel\":\"Site web\",\"fieldValue\":\"\",\"fieldPlaceholder\":\"\",\"fieldIsRequired\":\"\",\"fieldErrorMessage\":\"\",\"fieldExtra\":[],\"formHash\":\"c8f3c0523c8f02f31c53f9767822824f8b9d7c2b\"}'  class='grunion-field-url-wrap grunion-field-wrap'  data-wp-init='callbacks.initializeField' data-wp-on--jetpack-form-reset='callbacks.initializeField' >\n<label\n\t\t\t\tfor='g4100-siteweb' class=\"grunion-field-label url\" >Site web<\/label>\n<input\n\t\t\t\t\ttype='text'\n\t\t\t\t\tname='g4100-siteweb'\n\t\t\t\t\tid='g4100-siteweb'\n\t\t\t\t\tvalue=''\n\n\t\t\t\t\tdata-wp-bind--aria-invalid='state.fieldAriaInvalid'\n\t\t\t\t\tdata-wp-bind--value='state.getFieldValue'\n\t\t\t\t\taria-describedby='g4100-siteweb-text-error-message'\n\t\t\t\t\tdata-wp-on--input='actions.onFieldChange'\n\t\t\t\t\tdata-wp-on--blur='actions.onFieldBlur'\n\t\t\t\t\tdata-wp-class--has-value='state.hasFieldValue'\n\n\t\t\t\t\tclass='url  grunion-field' \n\t\t\t\t\t \/>\n \n\t\t\t<div id=\"g4100-siteweb-text-error\" class=\"contact-form__input-error\" data-wp-class--has-errors=\"state.fieldHasErrors\">\n\t\t\t\t<span class=\"contact-form__warning-icon\" aria-hidden=\"true\">\n\t\t\t\t\t<svg width=\"16\" height=\"16\" viewBox=\"0 0 16 16\" fill=\"none\" xmlns=\"http:\/\/www.w3.org\/2000\/svg\">\n\t\t\t\t\t\t<path d=\"M8.50015 11.6402H7.50015V10.6402H8.50015V11.6402Z\" \/>\n\t\t\t\t\t\t<path d=\"M7.50015 9.64018H8.50015V6.30684H7.50015V9.64018Z\" \/>\n\t\t\t\t\t\t<path fill-rule=\"evenodd\" clip-rule=\"evenodd\" d=\"M6.98331 3.0947C7.42933 2.30177 8.57096 2.30177 9.01698 3.09469L13.8771 11.7349C14.3145 12.5126 13.7525 13.4735 12.8602 13.4735H3.14004C2.24774 13.4735 1.68575 12.5126 2.12321 11.7349L6.98331 3.0947ZM8.14541 3.58496C8.08169 3.47168 7.9186 3.47168 7.85488 3.58496L2.99478 12.2251C2.93229 12.3362 3.01257 12.4735 3.14004 12.4735H12.8602C12.9877 12.4735 13.068 12.3362 13.0055 12.2251L8.14541 3.58496Z\" \/>\n\t\t\t\t\t<\/svg>\n\t\t\t\t<\/span>\n\t\t\t\t<span data-wp-text=\"state.errorMessage\" id=\"g4100-siteweb-text-error-message\"><\/span>\n\t\t\t<\/div> \n\t<\/div>\n\n<div style=\"\"  data-wp-interactive=\"jetpack\/form\" data-wp-context='{\"fieldId\":\"g4100-message\",\"fieldType\":\"textarea\",\"fieldLabel\":\"Message\",\"fieldValue\":\"\",\"fieldPlaceholder\":\"\",\"fieldIsRequired\":\"\",\"fieldErrorMessage\":\"\",\"fieldExtra\":[],\"formHash\":\"c8f3c0523c8f02f31c53f9767822824f8b9d7c2b\"}'  class='grunion-field-textarea-wrap grunion-field-wrap'  data-wp-init='callbacks.initializeField' data-wp-on--jetpack-form-reset='callbacks.initializeField' >\n<label\n\t\t\t\tfor='contact-form-comment-g4100-message' class=\"grunion-field-label textarea\" >Message<\/label>\n<textarea\n\t\t                style=''\n\t\t                name='g4100-message'\n\t\t                id='contact-form-comment-g4100-message'\n\t\t                rows='20'\n\t\t\t\t\t\tdata-wp-text='state.getFieldValue'\n\t\t\t\t\t\tdata-wp-on--input='actions.onFieldChange'\n\t\t\t\t\t\tdata-wp-on--blur='actions.onFieldBlur'\n\t\t\t\t\t\tdata-wp-class--has-value='state.hasFieldValue'\n\t\t\t\t\t\taria-describedby='g4100-message-textarea-error-message'\n\t\t\t\t\t\tdata-wp-bind--aria-invalid='state.fieldAriaInvalid'\n\t\t\t\t\t\tclass='textarea  grunion-field'  ><\/textarea>\n \n\t\t\t<div id=\"g4100-message-textarea-error\" class=\"contact-form__input-error\" data-wp-class--has-errors=\"state.fieldHasErrors\">\n\t\t\t\t<span class=\"contact-form__warning-icon\" aria-hidden=\"true\">\n\t\t\t\t\t<svg width=\"16\" height=\"16\" viewBox=\"0 0 16 16\" fill=\"none\" xmlns=\"http:\/\/www.w3.org\/2000\/svg\">\n\t\t\t\t\t\t<path d=\"M8.50015 11.6402H7.50015V10.6402H8.50015V11.6402Z\" \/>\n\t\t\t\t\t\t<path d=\"M7.50015 9.64018H8.50015V6.30684H7.50015V9.64018Z\" \/>\n\t\t\t\t\t\t<path fill-rule=\"evenodd\" clip-rule=\"evenodd\" d=\"M6.98331 3.0947C7.42933 2.30177 8.57096 2.30177 9.01698 3.09469L13.8771 11.7349C14.3145 12.5126 13.7525 13.4735 12.8602 13.4735H3.14004C2.24774 13.4735 1.68575 12.5126 2.12321 11.7349L6.98331 3.0947ZM8.14541 3.58496C8.08169 3.47168 7.9186 3.47168 7.85488 3.58496L2.99478 12.2251C2.93229 12.3362 3.01257 12.4735 3.14004 12.4735H12.8602C12.9877 12.4735 13.068 12.3362 13.0055 12.2251L8.14541 3.58496Z\" \/>\n\t\t\t\t\t<\/svg>\n\t\t\t\t<\/span>\n\t\t\t\t<span data-wp-text=\"state.errorMessage\" id=\"g4100-message-textarea-error-message\"><\/span>\n\t\t\t<\/div>\n\t<\/div>\n\t<p class='contact-submit'>\n<div class=\"contact-form__error\" data-wp-class--show-errors=\"state.showFormErrors\"><span class=\"contact-form__warning-icon\" aria-hidden=\"true\"><i><\/i><\/span><span class=\"contact-form__error-message\" tabindex=\"-1\" data-wp-watch=\"callbacks.focusOnValidationError\" data-wp-text=\"state.getFormErrorMessage\"><\/span><ul aria-label=\"Erreurs de formulaire\">\n\t\t\t\t<template data-wp-each=\"state.getErrorList\" data-wp-key=\"context.item.id\">\n\t\t\t\t\t<li><a data-wp-bind--href=\"context.item.anchor\" data-wp-on--click=\"actions.scrollIntoView\" data-wp-text=\"context.item.label\"><\/a><\/li>\n\t\t\t\t<\/template>\n\t\t\t\t<\/ul><\/div><div class=\"contact-form__error\" data-wp-class--show-errors=\"state.showSubmissionError\" data-wp-text=\"context.submissionError\" tabindex=\"-1\" data-wp-watch=\"callbacks.focusOnSubmissionError\"><\/div>\t\t<button type='submit' class='pushbutton-wide'>Envoyer<\/button>\t\t<input type='hidden' name='contact-form-id' value='4100' \/>\n\t\t<input type='hidden' name='action' value='grunion-contact-form' \/>\n\t\t<input type='hidden' name='contact-form-hash' value='c8f3c0523c8f02f31c53f9767822824f8b9d7c2b' \/>\n\t<\/p>\n<p style=\"display: none !important;\" class=\"akismet-fields-container\" data-prefix=\"ak_\"><label>&#916;<textarea name=\"ak_hp_textarea\" cols=\"45\" rows=\"8\" maxlength=\"100\"><\/textarea><\/label><input type=\"hidden\" id=\"ak_js_1\" name=\"ak_js\" value=\"37\"\/><script>document.getElementById( \"ak_js_1\" ).setAttribute( \"value\", ( new Date() ).getTime() );<\/script><\/p><\/form>\n<\/div>\n","protected":false},"excerpt":{"rendered":"<p>Formation en ligne \u00e0 la m\u00e9thode OML multisensorielle pour apprendre \u00e0 lire facilement. Cette m\u00e9thode a \u00e9t\u00e9 cr\u00e9\u00e9e en 2013 par Murielle Lefebvre et son \u00e9quipe et se base sur les apports p\u00e9dagogiques de Maria Montessori et de m\u00e9decins, orthophonistes et professeurs de langues.<\/p>\n<p>Vous serez form\u00e9 en individuel par Murielle Lefebvre elle-m\u00eame, le temps de la formation compl\u00e8te est de 120 heures.<\/p>\n<p>Vous avez acc\u00e8s au contenu dans son ensemble durant 12 mois.<\/p>\n<p>Vous recevez chez vous 9 cahiers en couleurs pour vous entra\u00eener ou appliquer la m\u00e9thode l&rsquo;\u00e9t\u00e9 2025 !<\/p>\n<p>PS Cette offre, \u00e0 ces conditions, n&rsquo;est possible qu&rsquo;en France m\u00e9tropolitaine (pour d&rsquo;autres pays ou DOM TOM COM merci de nous consulter avant)<\/p>\n<p>Consultez le website et des vid\u00e9os pour en savoir plus sur cette m\u00e9thode : <a href=\"http:\/\/www.methode-oml.com\">http:\/\/www.methode-oml.com<\/a> <a href=\"https:\/\/www.academiemontessori.fr\/?product=formation-a-la-methode-oml-9-cahiers-expedies-chez-vous-offre-exceptionnelle-en-juillet-2021-uniquement\">Continue reading <span class=\"meta-nav\">&rarr;<\/span><\/a><\/p>\n","protected":false},"featured_media":5007,"template":"","meta":[],"product_brand":[],"product_cat":[51,66,65],"product_tag":[],"class_list":{"0":"post-4100","1":"product","2":"type-product","3":"status-publish","4":"has-post-thumbnail","6":"product_cat-non-classe","7":"product_cat-familles","8":"product_cat-pro","10":"first","11":"instock","12":"virtual","13":"purchasable","14":"product-type-simple"},"jetpack_sharing_enabled":true,"_links":{"self":[{"href":"https:\/\/www.academiemontessori.fr\/index.php?rest_route=\/wp\/v2\/product\/4100","targetHints":{"allow":["GET"]}}],"collection":[{"href":"https:\/\/www.academiemontessori.fr\/index.php?rest_route=\/wp\/v2\/product"}],"about":[{"href":"https:\/\/www.academiemontessori.fr\/index.php?rest_route=\/wp\/v2\/types\/product"}],"wp:featuredmedia":[{"embeddable":true,"href":"https:\/\/www.academiemontessori.fr\/index.php?rest_route=\/wp\/v2\/media\/5007"}],"wp:attachment":[{"href":"https:\/\/www.academiemontessori.fr\/index.php?rest_route=%2Fwp%2Fv2%2Fmedia&parent=4100"}],"wp:term":[{"taxonomy":"product_brand","embeddable":true,"href":"https:\/\/www.academiemontessori.fr\/index.php?rest_route=%2Fwp%2Fv2%2Fproduct_brand&post=4100"},{"taxonomy":"product_cat","embeddable":true,"href":"https:\/\/www.academiemontessori.fr\/index.php?rest_route=%2Fwp%2Fv2%2Fproduct_cat&post=4100"},{"taxonomy":"product_tag","embeddable":true,"href":"https:\/\/www.academiemontessori.fr\/index.php?rest_route=%2Fwp%2Fv2%2Fproduct_tag&post=4100"}],"curies":[{"name":"wp","href":"https:\/\/api.w.org\/{rel}","templated":true}]}}